{"id":3641,"date":"2021-02-19T19:13:22","date_gmt":"2021-02-19T18:13:22","guid":{"rendered":"https:\/\/hoba-steel.de\/about"},"modified":"2023-11-17T16:15:39","modified_gmt":"2023-11-17T15:15:39","slug":"about","status":"publish","type":"page","link":"https:\/\/hoba-steel.de\/fr\/about","title":{"rendered":"Hoba Steel &#8211; \u00c0 propos de nous"},"content":{"rendered":"<div data-elementor-type=\"wp-page\" data-elementor-id=\"3641\" class=\"elementor elementor-3641 elementor-729\" data-elementor-post-type=\"page\">\n\t\t\t\t\t\t<section class=\"elementor-section elementor-top-section elementor-element elementor-element-4d8b3b1 elementor-section-height-full elementor-section-items-bottom elementor-section-boxed elementor-section-height-default\" data-id=\"4d8b3b1\" data-element_type=\"section\" data-settings=\"{&quot;background_background&quot;:&quot;classic&quot;}\">\n\t\t\t\t\t\t\t<div class=\"elementor-background-overlay\"><\/div>\n\t\t\t\t\t\t\t<div class=\"elementor-container elementor-column-gap-default\">\n\t\t\t\t\t<div class=\"elementor-column elementor-col-100 elementor-top-column elementor-element elementor-element-61f6145\" data-id=\"61f6145\" data-element_type=\"column\">\n\t\t\t<div class=\"elementor-widget-wrap elementor-element-populated\">\n\t\t\t\t\t\t<section class=\"elementor-section elementor-inner-section elementor-element elementor-element-7cc09d5 elementor-section-boxed elementor-section-height-default elementor-section-height-default\" data-id=\"7cc09d5\" data-element_type=\"section\" id=\"#leistungen\">\n\t\t\t\t\t\t<div class=\"elementor-container elementor-column-gap-default\">\n\t\t\t\t\t<div class=\"elementor-column elementor-col-33 elementor-inner-column elementor-element elementor-element-7681f24\" data-id=\"7681f24\" data-element_type=\"column\">\n\t\t\t<div class=\"elementor-widget-wrap elementor-element-populated\">\n\t\t\t\t\t\t<div class=\"elementor-element elementor-element-5792bba elementor-widget elementor-widget-heading\" data-id=\"5792bba\" data-element_type=\"widget\" data-widget_type=\"heading.default\">\n\t\t\t\t<div class=\"elementor-widget-container\">\n\t\t\t\t\t<h2 class=\"elementor-heading-title elementor-size-default\"><a href=\"#about\">A propos de<\/a><\/h2>\t\t\t\t<\/div>\n\t\t\t\t<\/div>\n\t\t\t\t\t<\/div>\n\t\t<\/div>\n\t\t\t\t<div class=\"elementor-column elementor-col-33 elementor-inner-column elementor-element elementor-element-8ae5820\" data-id=\"8ae5820\" data-element_type=\"column\">\n\t\t\t<div class=\"elementor-widget-wrap elementor-element-populated\">\n\t\t\t\t\t\t<div class=\"elementor-element elementor-element-a9722bb elementor-widget elementor-widget-heading\" data-id=\"a9722bb\" data-element_type=\"widget\" data-widget_type=\"heading.default\">\n\t\t\t\t<div class=\"elementor-widget-container\">\n\t\t\t\t\t<h2 class=\"elementor-heading-title elementor-size-default\"><a href=\"#leistungen\">Prestations<\/a><\/h2>\t\t\t\t<\/div>\n\t\t\t\t<\/div>\n\t\t\t\t\t<\/div>\n\t\t<\/div>\n\t\t\t\t<div class=\"elementor-column elementor-col-33 elementor-inner-column elementor-element elementor-element-2df4731\" data-id=\"2df4731\" data-element_type=\"column\">\n\t\t\t<div class=\"elementor-widget-wrap elementor-element-populated\">\n\t\t\t\t\t\t<div class=\"elementor-element elementor-element-f13ef4e elementor-widget elementor-widget-heading\" data-id=\"f13ef4e\" data-element_type=\"widget\" data-widget_type=\"heading.default\">\n\t\t\t\t<div class=\"elementor-widget-container\">\n\t\t\t\t\t<h2 class=\"elementor-heading-title elementor-size-default\"><a href=\"#einsatzgebiete\">Domaines d'application<\/a><\/h2>\t\t\t\t<\/div>\n\t\t\t\t<\/div>\n\t\t\t\t\t<\/div>\n\t\t<\/div>\n\t\t\t\t\t<\/div>\n\t\t<\/section>\n\t\t\t\t\t<\/div>\n\t\t<\/div>\n\t\t\t\t\t<\/div>\n\t\t<\/section>\n\t\t\t\t<section class=\"elementor-section elementor-top-section elementor-element elementor-element-492d1f1 elementor-section-boxed elementor-section-height-default elementor-section-height-default\" data-id=\"492d1f1\" data-element_type=\"section\" id=\"about\">\n\t\t\t\t\t\t<div class=\"elementor-container elementor-column-gap-default\">\n\t\t\t\t\t<div class=\"elementor-column elementor-col-100 elementor-top-column elementor-element elementor-element-944740a\" data-id=\"944740a\" data-element_type=\"column\">\n\t\t\t<div class=\"elementor-widget-wrap elementor-element-populated\">\n\t\t\t\t\t\t<div class=\"elementor-element elementor-element-e3c0e64 elementor-widget elementor-widget-heading\" data-id=\"e3c0e64\" data-element_type=\"widget\" data-widget_type=\"heading.default\">\n\t\t\t\t<div class=\"elementor-widget-container\">\n\t\t\t\t\t<h1 class=\"elementor-heading-title elementor-size-default\">Hoba Steel. Des dalles en acier inoxydable.<\/h1>\t\t\t\t<\/div>\n\t\t\t\t<\/div>\n\t\t\t\t<div class=\"elementor-element elementor-element-f562e16 elementor-widget elementor-widget-text-editor\" data-id=\"f562e16\" data-element_type=\"widget\" data-widget_type=\"text-editor.default\">\n\t\t\t\t<div class=\"elementor-widget-container\">\n\t\t\t\t\t\t\t\t\t<p class=\"p1\">Depuis 1988, la manufacture Hoba Steel produit des \u00e9l\u00e9ments de mur et de sol en acier inoxydable, laiton, bronze et acier ferrite ; cela comprend des carreaux, du parquet, de la mosa\u00efque, des plinthes, des profil\u00e9s et des bordures. Les marches d&rsquo;escalier font \u00e9galement partie du programme depuis le d\u00e9but. Des coupes et des surfaces sp\u00e9ciales, y compris des colorations de l&rsquo;acier inoxydable, sont \u00e0 la disposition des concepteurs et des architectes pour leurs projets.<\/p><p class=\"p1\">Sous la marque d\u00e9pos\u00e9e et brevet\u00e9e SPIN\u00ae, les produits sont commercialis\u00e9s depuis 1989 pour les projets architecturaux internationaux.<\/p><p class=\"p1\">En 2015, l&rsquo;offre de produits a \u00e9t\u00e9 compl\u00e9t\u00e9e par le segment tr\u00e8s important des syst\u00e8mes de guidage tactiles en acier inoxydable. Depuis lors, Hoba Steel ne r\u00e9alise pas seulement des projets dans le domaine de l&rsquo;habitat et du b\u00e2timent pour des architectes, mais met \u00e9galement en \u0153uvre des concepts d&rsquo;accessibilit\u00e9 conform\u00e9ment aux normes DIN 18040-1, DIN 32984 et DIN 32975.<\/p>\t\t\t\t\t\t\t\t<\/div>\n\t\t\t\t<\/div>\n\t\t\t\t\t<\/div>\n\t\t<\/div>\n\t\t\t\t\t<\/div>\n\t\t<\/section>\n\t\t\t\t<section class=\"elementor-section elementor-top-section elementor-element elementor-element-06606de elementor-section-boxed elementor-section-height-default elementor-section-height-default\" data-id=\"06606de\" data-element_type=\"section\" id=\"leistungen\">\n\t\t\t\t\t\t<div class=\"elementor-container elementor-column-gap-default\">\n\t\t\t\t\t<div class=\"elementor-column elementor-col-100 elementor-top-column elementor-element elementor-element-885bd80\" data-id=\"885bd80\" data-element_type=\"column\">\n\t\t\t<div class=\"elementor-widget-wrap elementor-element-populated\">\n\t\t\t\t\t\t<div class=\"elementor-element elementor-element-918fa0b elementor-widget elementor-widget-heading\" data-id=\"918fa0b\" data-element_type=\"widget\" data-widget_type=\"heading.default\">\n\t\t\t\t<div class=\"elementor-widget-container\">\n\t\t\t\t\t<h2 class=\"elementor-heading-title elementor-size-default\">Prestations et possibilit\u00e9s de fabrication.\n<\/h2>\t\t\t\t<\/div>\n\t\t\t\t<\/div>\n\t\t\t\t<div class=\"elementor-element elementor-element-f3eaf07 elementor-widget elementor-widget-text-editor\" data-id=\"f3eaf07\" data-element_type=\"widget\" data-widget_type=\"text-editor.default\">\n\t\t\t\t<div class=\"elementor-widget-container\">\n\t\t\t\t\t\t\t\t\t<p class=\"p1\">transport et les formalit\u00e9s douani\u00e8res font partie de nos prestations de service. Les produits Hoba Steels sont adapt\u00e9s aux architectes et peuvent faire l&rsquo;objet d&rsquo;appels d&rsquo;offres pour les cahiers des charges. Ils peuvent \u00eatre mis en \u0153uvre par les artisans. Nous comptons parmi nos clients des architectes, des industriels, des entrepreneurs g\u00e9n\u00e9raux, des carreleurs, des poseurs de sols et des grossistes, dans le monde entier.<\/p><p class=\"p1\">En combinant diverses technologies de fabrication telles que le contrecollage, le rev\u00eatement, l&rsquo;estampage, le gaufrage et la coloration, Hoba Steel peut fabriquer elle-m\u00eame les produits sp\u00e9cifiques au projet architectural.<\/p><p class=\"p1\">Diff\u00e9rentes techniques de d\u00e9coupe et la finition de la surface de l&rsquo;acier inoxydable par pon\u00e7age permettent de diversifier l&rsquo;assortiment. Des \u00e9l\u00e9ments individuels pour le design architectural d&rsquo;aujourd&rsquo;hui, dans les domaines du mur, du sol et du mobilier, sont fabriqu\u00e9s dans la technologie laser et de poin\u00e7onnage \u00e0 commande num\u00e9rique et gr\u00e2ce aux techniques modernes de pliage et de cintrage.<\/p><p class=\"p1\">Les petites tailles de mosa\u00efques et les grands formats tels que 1.200 x 2.400 mm, voire plus, offrent aux architectes de nombreuses possibilit\u00e9s pour leur concept de design. Les carreaux en acier inoxydable sont orient\u00e9s vers le design et la fonctionnalit\u00e9. Les propri\u00e9t\u00e9s antid\u00e9rapantes et le classement au feu des produits de Hoba Steel sont certifi\u00e9s.<\/p>\t\t\t\t\t\t\t\t<\/div>\n\t\t\t\t<\/div>\n\t\t\t\t\t<\/div>\n\t\t<\/div>\n\t\t\t\t\t<\/div>\n\t\t<\/section>\n\t\t\t\t<section class=\"elementor-section elementor-top-section elementor-element elementor-element-4e89bf3 elementor-section-boxed elementor-section-height-default elementor-section-height-default\" data-id=\"4e89bf3\" data-element_type=\"section\" id=\"einsatzbereiche\">\n\t\t\t\t\t\t<div class=\"elementor-container elementor-column-gap-default\">\n\t\t\t\t\t<div class=\"elementor-column elementor-col-100 elementor-top-column elementor-element elementor-element-c93abca\" data-id=\"c93abca\" data-element_type=\"column\">\n\t\t\t<div class=\"elementor-widget-wrap elementor-element-populated\">\n\t\t\t\t\t\t<div class=\"elementor-element elementor-element-1e69761 elementor-widget elementor-widget-heading\" data-id=\"1e69761\" data-element_type=\"widget\" id=\"einsatzgebiete\" data-widget_type=\"heading.default\">\n\t\t\t\t<div class=\"elementor-widget-container\">\n\t\t\t\t\t<h2 class=\"elementor-heading-title elementor-size-default\">Les domaines d'application. Intemporel et durable.\n<\/h2>\t\t\t\t<\/div>\n\t\t\t\t<\/div>\n\t\t\t\t<div class=\"elementor-element elementor-element-70b9f1d elementor-widget elementor-widget-text-editor\" data-id=\"70b9f1d\" data-element_type=\"widget\" data-widget_type=\"text-editor.default\">\n\t\t\t\t<div class=\"elementor-widget-container\">\n\t\t\t\t\t\t\t\t\t<p>Les \u00e9l\u00e9ments <b>SPIN\u00ae<\/b>, qu&rsquo;il s&rsquo;agisse de rev\u00eatements muraux ou de sols, ou encore de marches d&rsquo;escalier, sont intemporels en raison de l&rsquo;aspect \u00e9lev\u00e9 du mat\u00e9riau et constituent un \u00e9l\u00e9ment durable de l&rsquo;architecture moderne. L&rsquo;espace gagne en mat\u00e9rialit\u00e9 et en esth\u00e9tique. Avec des carreaux en acier inoxydable, Hoba Steel a \u00e9quip\u00e9 des projets pour des architectes de renomm\u00e9e mondiale.<\/p>\n<p>Les carreaux en acier inoxydable <b>SPIN\u00ae<\/b> sont utilis\u00e9s depuis de nombreuses ann\u00e9es dans<\/p>\n<p>les b\u00e2timents culturels, l&rsquo;h\u00f4tellerie, la restauration, l&rsquo;am\u00e9nagement de magasins, le secteur de la sant\u00e9, les immeubles de bureaux, les a\u00e9roports, les administrations et l&rsquo;environnement priv\u00e9.<\/p>\n<p>Les syst\u00e8mes de guidage pour aveugles <b>SPIN\u00ae<\/b> Safe ont \u00e9t\u00e9 d\u00e9velopp\u00e9s conform\u00e9ment aux normes DIN relatives \u00e0 l&rsquo;accessibilit\u00e9 des b\u00e2timents publics. La surface tactile en acier inoxydable a un tr\u00e8s bon caract\u00e8re sonore au contact de la canne longue.<\/p>\t\t\t\t\t\t\t\t<\/div>\n\t\t\t\t<\/div>\n\t\t\t\t\t<\/div>\n\t\t<\/div>\n\t\t\t\t\t<\/div>\n\t\t<\/section>\n\t\t\t\t<\/div>","protected":false},"excerpt":{"rendered":"<p>A propos de Prestations Domaines d&rsquo;application Hoba Steel. Des dalles en acier inoxydable. Depuis 1988, la manufacture Hoba Steel produit des \u00e9l\u00e9ments de mur et de sol en acier inoxydable, laiton, bronze et acier ferrite ; cela comprend des carreaux, du parquet, de la mosa\u00efque, des plinthes, des profil\u00e9s et des bordures. Les marches d&rsquo;escalier [&hellip;]<\/p>\n","protected":false},"author":6,"featured_media":0,"parent":0,"menu_order":0,"comment_status":"closed","ping_status":"closed","template":"","meta":{"_mo_disable_npp":"","footnotes":""},"class_list":["post-3641","page","type-page","status-publish","hentry"],"_links":{"self":[{"href":"https:\/\/hoba-steel.de\/fr\/wp-json\/wp\/v2\/pages\/3641","targetHints":{"allow":["GET"]}}],"collection":[{"href":"https:\/\/hoba-steel.de\/fr\/wp-json\/wp\/v2\/pages"}],"about":[{"href":"https:\/\/hoba-steel.de\/fr\/wp-json\/wp\/v2\/types\/page"}],"author":[{"embeddable":true,"href":"https:\/\/hoba-steel.de\/fr\/wp-json\/wp\/v2\/users\/6"}],"replies":[{"embeddable":true,"href":"https:\/\/hoba-steel.de\/fr\/wp-json\/wp\/v2\/comments?post=3641"}],"version-history":[{"count":5,"href":"https:\/\/hoba-steel.de\/fr\/wp-json\/wp\/v2\/pages\/3641\/revisions"}],"predecessor-version":[{"id":5469,"href":"https:\/\/hoba-steel.de\/fr\/wp-json\/wp\/v2\/pages\/3641\/revisions\/5469"}],"wp:attachment":[{"href":"https:\/\/hoba-steel.de\/fr\/wp-json\/wp\/v2\/media?parent=3641"}],"curies":[{"name":"wp","href":"https:\/\/api.w.org\/{rel}","templated":true}]}}