{"id":3642,"date":"2021-02-12T13:33:42","date_gmt":"2021-02-12T12:33:42","guid":{"rendered":"https:\/\/hoba-steel.de\/impressum"},"modified":"2025-10-09T10:16:24","modified_gmt":"2025-10-09T09:16:24","slug":"mentions-legales","status":"publish","type":"page","link":"https:\/\/hoba-steel.de\/fr\/mentions-legales","title":{"rendered":"Mentions l\u00e9gales"},"content":{"rendered":"<div data-elementor-type=\"wp-page\" data-elementor-id=\"3642\" class=\"elementor elementor-3642 elementor-164\" data-elementor-post-type=\"page\">\n\t\t\t\t\t\t<section class=\"elementor-section elementor-top-section elementor-element elementor-element-caabef5 elementor-section-height-full elementor-hidden-tablet elementor-hidden-phone elementor-section-boxed elementor-section-height-default elementor-section-items-middle\" data-id=\"caabef5\" data-element_type=\"section\" data-settings=\"{&quot;background_background&quot;:&quot;classic&quot;}\">\n\t\t\t\t\t\t\t<div class=\"elementor-background-overlay\"><\/div>\n\t\t\t\t\t\t\t<div class=\"elementor-container elementor-column-gap-default\">\n\t\t\t\t\t<div class=\"elementor-column elementor-col-100 elementor-top-column elementor-element elementor-element-3f4243b\" data-id=\"3f4243b\" data-element_type=\"column\">\n\t\t\t<div class=\"elementor-widget-wrap\">\n\t\t\t\t\t\t\t<\/div>\n\t\t<\/div>\n\t\t\t\t\t<\/div>\n\t\t<\/section>\n\t\t\t\t<section class=\"elementor-section elementor-top-section elementor-element elementor-element-cc2b1b6 elementor-section-content-middle elementor-section-boxed elementor-section-height-default elementor-section-height-default\" data-id=\"cc2b1b6\" data-element_type=\"section\" data-settings=\"{&quot;background_background&quot;:&quot;classic&quot;}\">\n\t\t\t\t\t\t<div class=\"elementor-container elementor-column-gap-default\">\n\t\t\t\t\t<div class=\"elementor-column elementor-col-100 elementor-top-column elementor-element elementor-element-a002b5b\" data-id=\"a002b5b\" data-element_type=\"column\">\n\t\t\t<div class=\"elementor-widget-wrap elementor-element-populated\">\n\t\t\t\t\t\t<div class=\"elementor-element elementor-element-39e3ed2 elementor-widget elementor-widget-heading\" data-id=\"39e3ed2\" data-element_type=\"widget\" data-widget_type=\"heading.default\">\n\t\t\t\t<div class=\"elementor-widget-container\">\n\t\t\t\t\t<h1 class=\"elementor-heading-title elementor-size-default\">Mentions l\u00e9gales<\/h1>\t\t\t\t<\/div>\n\t\t\t\t<\/div>\n\t\t\t\t<div class=\"elementor-element elementor-element-6b34406 elementor-widget elementor-widget-text-editor\" data-id=\"6b34406\" data-element_type=\"widget\" data-widget_type=\"text-editor.default\">\n\t\t\t\t<div class=\"elementor-widget-container\">\n\t\t\t\t\t\t\t\t\t<p class=\"p1\">Donn\u00e9es obligatoires<br \/>Hoba Steel GmbH<br \/>August-Borsig-Strasse 20<br \/>D-59439 Holzwickede<\/p><p class=\"p1\"><strong>Repr\u00e9sent\u00e9e par:<br \/><\/strong>Stefan N\u00f6tzel<\/p><p class=\"p1\"><strong>Contact :<br \/><\/strong>T\u00e9l\u00e9phone : +49 2301 96 99999-0<br \/>Courrier \u00e9lectronique : info@hoba-steel.de<\/p><p class=\"p1\"><strong>Inscription au registre<br \/><\/strong>Tribunal d&rsquo;enregistrement: Tribunal d&rsquo;instance de Hamm<br \/>Num\u00e9ro d\u2019enregistrement: HRB 9103<\/p><p class=\"p1\"><strong>Num\u00e9ro d&rsquo;identification de la taxe sur le chiffre d&rsquo;affaires:<br \/><\/strong>Num\u00e9ro d&rsquo;identification de la taxe sur le chiffre d&rsquo;affaires conform\u00e9ment au \u00a727 de la loi sur la taxe sur le chiffre d\u2019affaires: DE125310367<br \/>Tous les contenus, photos, t\u00e9l\u00e9chargements \u00a9 Hoba Steel GmbH. Leur utilisation n&rsquo;est autoris\u00e9e qu&rsquo;avec l&rsquo;accord \u00e9crit de Hoba Steel GmbH.<\/p>\t\t\t\t\t\t\t\t<\/div>\n\t\t\t\t<\/div>\n\t\t\t\t\t<\/div>\n\t\t<\/div>\n\t\t\t\t\t<\/div>\n\t\t<\/section>\n\t\t\t\t<\/div>","protected":false},"excerpt":{"rendered":"<p>Mentions l\u00e9gales Donn\u00e9es obligatoiresHoba Steel GmbHAugust-Borsig-Strasse 20D-59439 Holzwickede Repr\u00e9sent\u00e9e par:Stefan N\u00f6tzel Contact :T\u00e9l\u00e9phone : +49 2301 96 99999-0Courrier \u00e9lectronique : info@hoba-steel.de Inscription au registreTribunal d&rsquo;enregistrement: Tribunal d&rsquo;instance de HammNum\u00e9ro d\u2019enregistrement: HRB 9103 Num\u00e9ro d&rsquo;identification de la taxe sur le chiffre d&rsquo;affaires:Num\u00e9ro d&rsquo;identification de la taxe sur le chiffre d&rsquo;affaires conform\u00e9ment au \u00a727 de la loi [&hellip;]<\/p>\n","protected":false},"author":6,"featured_media":0,"parent":0,"menu_order":0,"comment_status":"closed","ping_status":"closed","template":"","meta":{"_mo_disable_npp":"","footnotes":""},"class_list":["post-3642","page","type-page","status-publish","hentry"],"_links":{"self":[{"href":"https:\/\/hoba-steel.de\/fr\/wp-json\/wp\/v2\/pages\/3642","targetHints":{"allow":["GET"]}}],"collection":[{"href":"https:\/\/hoba-steel.de\/fr\/wp-json\/wp\/v2\/pages"}],"about":[{"href":"https:\/\/hoba-steel.de\/fr\/wp-json\/wp\/v2\/types\/page"}],"author":[{"embeddable":true,"href":"https:\/\/hoba-steel.de\/fr\/wp-json\/wp\/v2\/users\/6"}],"replies":[{"embeddable":true,"href":"https:\/\/hoba-steel.de\/fr\/wp-json\/wp\/v2\/comments?post=3642"}],"version-history":[{"count":5,"href":"https:\/\/hoba-steel.de\/fr\/wp-json\/wp\/v2\/pages\/3642\/revisions"}],"predecessor-version":[{"id":6480,"href":"https:\/\/hoba-steel.de\/fr\/wp-json\/wp\/v2\/pages\/3642\/revisions\/6480"}],"wp:attachment":[{"href":"https:\/\/hoba-steel.de\/fr\/wp-json\/wp\/v2\/media?parent=3642"}],"curies":[{"name":"wp","href":"https:\/\/api.w.org\/{rel}","templated":true}]}}