{"id":3799,"date":"2021-02-17T11:59:47","date_gmt":"2021-02-17T10:59:47","guid":{"rendered":"https:\/\/hoba-steel.de\/startseite"},"modified":"2025-02-15T07:28:43","modified_gmt":"2025-02-15T06:28:43","slug":"startseite","status":"publish","type":"page","link":"https:\/\/hoba-steel.de\/fr","title":{"rendered":"Page d&rsquo;accueil"},"content":{"rendered":"<div data-elementor-type=\"wp-page\" data-elementor-id=\"3799\" class=\"elementor elementor-3799 elementor-638\" data-elementor-post-type=\"page\">\n\t\t\t\t\t\t<section class=\"elementor-section elementor-top-section elementor-element elementor-element-4d8b3b1 elementor-section-height-full elementor-section-items-bottom elementor-section-full_width elementor-section-stretched elementor-section-height-default\" data-id=\"4d8b3b1\" data-element_type=\"section\" data-settings=\"{&quot;background_background&quot;:&quot;video&quot;,&quot;background_video_link&quot;:&quot;https:\\\/\\\/hoba-steel.de\\\/wp-content\\\/uploads\\\/2022\\\/10\\\/210527fp1430_HobaSteelresize720.mp4&quot;,&quot;background_video_start&quot;:0,&quot;background_play_on_mobile&quot;:&quot;yes&quot;,&quot;background_privacy_mode&quot;:&quot;yes&quot;,&quot;stretch_section&quot;:&quot;section-stretched&quot;}\">\n\t\t\t\t\t\t\t\t<div class=\"elementor-background-video-container\">\n\t\t\t\t\t\t\t\t\t\t\t\t\t<video class=\"elementor-background-video-hosted\" autoplay muted playsinline loop><\/video>\n\t\t\t\t\t\t\t\t\t\t\t<\/div>\n\t\t\t\t\t\t\t\t\t<div class=\"elementor-background-overlay\"><\/div>\n\t\t\t\t\t\t\t<div class=\"elementor-container elementor-column-gap-default\">\n\t\t\t\t\t<div class=\"elementor-column elementor-col-100 elementor-top-column elementor-element elementor-element-61f6145\" data-id=\"61f6145\" data-element_type=\"column\" data-settings=\"{&quot;background_background&quot;:&quot;slideshow&quot;,&quot;background_slideshow_gallery&quot;:[],&quot;background_slideshow_loop&quot;:&quot;yes&quot;,&quot;background_slideshow_slide_duration&quot;:5000,&quot;background_slideshow_slide_transition&quot;:&quot;fade&quot;,&quot;background_slideshow_transition_duration&quot;:500}\">\n\t\t\t<div class=\"elementor-widget-wrap elementor-element-populated\">\n\t\t\t\t\t\t<section class=\"elementor-section elementor-inner-section elementor-element elementor-element-7cc09d5 elementor-section-boxed elementor-section-height-default elementor-section-height-default\" data-id=\"7cc09d5\" data-element_type=\"section\">\n\t\t\t\t\t\t<div class=\"elementor-container elementor-column-gap-default\">\n\t\t\t\t\t<div class=\"elementor-column elementor-col-50 elementor-inner-column elementor-element elementor-element-7681f24\" data-id=\"7681f24\" data-element_type=\"column\" data-settings=\"{&quot;background_background&quot;:&quot;classic&quot;}\">\n\t\t\t<div class=\"elementor-widget-wrap elementor-element-populated\">\n\t\t\t\t\t\t<div class=\"elementor-element elementor-element-85456b1 elementor-widget elementor-widget-ucaddon_creative_buttons\" data-id=\"85456b1\" data-element_type=\"widget\" data-widget_type=\"ucaddon_creative_buttons.default\">\n\t\t\t\t<div class=\"elementor-widget-container\">\n\t\t\t\t\t\n<!-- start Creative Button Hovers -->\n\t\t<link id='uc_ac_assets_file_uc_creative_buttons_css_1983-css' href='https:\/\/hoba-steel.de\/wp-content\/uploads\/ac_assets\/uc_creative_buttons\/uc_creative_buttons.css' type='text\/css' rel='stylesheet' >\n\n<style>\/* widget: Creative Button Hovers *\/\n\n#uc_creative_buttons_elementor_85456b1.uc_creative_buttons{\n  text-align: left;\n}\n#uc_creative_buttons_elementor_85456b1.uc_creative_buttons .uc_button,\n#uc_creative_buttons_elementor_85456b1.uc_creative_buttons .uc_button::after {\n\ttransition: all 0.5s;\n}\n#uc_creative_buttons_elementor_85456b1.uc_creative_buttons .uc_button::after {\n\ttop: 100%;\n  \ttransform: translateY(-100%);\n}\n#uc_creative_buttons_elementor_85456b1.uc_creative_buttons .uc_button {\n\n\n  display: block;\n  overflow:hidden;\n}\n\n<\/style>\n\n<div class=\"uc_creative_buttons\" id=\"uc_creative_buttons_elementor_85456b1\">\n  <div class=\"container\">\n    <a href=\"https:\/\/hoba-steel.de\/fr\/edelstahl-fliesen\" class=\"uc_button button-padding uc_btn-7\" ><span>DALLES EN<br> ACIER INOXYDABLE<\/span><\/a>\n  <\/div>\n<\/div>\n<!-- end Creative Button Hovers -->\t\t\t\t<\/div>\n\t\t\t\t<\/div>\n\t\t\t\t\t<\/div>\n\t\t<\/div>\n\t\t\t\t<div class=\"elementor-column elementor-col-50 elementor-inner-column elementor-element elementor-element-3145b83\" data-id=\"3145b83\" data-element_type=\"column\">\n\t\t\t<div class=\"elementor-widget-wrap elementor-element-populated\">\n\t\t\t\t\t\t<div class=\"elementor-element elementor-element-5949bdd elementor-widget elementor-widget-ucaddon_creative_buttons\" data-id=\"5949bdd\" data-element_type=\"widget\" data-widget_type=\"ucaddon_creative_buttons.default\">\n\t\t\t\t<div class=\"elementor-widget-container\">\n\t\t\t\t\t\n<!-- start Creative Button Hovers -->\n\n<style>\/* widget: Creative Button Hovers *\/\n\n#uc_creative_buttons_elementor_5949bdd.uc_creative_buttons{\n  text-align: center;\n}\n#uc_creative_buttons_elementor_5949bdd.uc_creative_buttons .uc_button,\n#uc_creative_buttons_elementor_5949bdd.uc_creative_buttons .uc_button::after {\n\ttransition: all 0.5s;\n}\n#uc_creative_buttons_elementor_5949bdd.uc_creative_buttons .uc_button::after {\n\ttop: 100%;\n  \ttransform: translateY(-100%);\n}\n#uc_creative_buttons_elementor_5949bdd.uc_creative_buttons .uc_button {\n\n\n  display: block;\n  overflow:hidden;\n}\n\n<\/style>\n\n<div class=\"uc_creative_buttons\" id=\"uc_creative_buttons_elementor_5949bdd\">\n  <div class=\"container\">\n    <a href=\"https:\/\/hoba-steel.de\/fr\/leitsysteme\" class=\"uc_button button-padding uc_btn-7\" ><span>SYST\u00c8ME DE<br>guidage<\/span><\/a>\n  <\/div>\n<\/div>\n<!-- end Creative Button Hovers -->\t\t\t\t<\/div>\n\t\t\t\t<\/div>\n\t\t\t\t\t<\/div>\n\t\t<\/div>\n\t\t\t\t\t<\/div>\n\t\t<\/section>\n\t\t\t\t\t<\/div>\n\t\t<\/div>\n\t\t\t\t\t<\/div>\n\t\t<\/section>\n\t\t\t\t<section class=\"elementor-section elementor-top-section elementor-element elementor-element-a02518a elementor-section-full_width elementor-section-height-default elementor-section-height-default\" data-id=\"a02518a\" data-element_type=\"section\">\n\t\t\t\t\t\t<div class=\"elementor-container elementor-column-gap-default\">\n\t\t\t\t\t<div class=\"elementor-column elementor-col-100 elementor-top-column elementor-element elementor-element-16f9f81\" data-id=\"16f9f81\" data-element_type=\"column\">\n\t\t\t<div class=\"elementor-widget-wrap elementor-element-populated\">\n\t\t\t\t\t\t<div class=\"elementor-element elementor-element-33e07a7 elementor-widget elementor-widget-text-editor\" data-id=\"33e07a7\" data-element_type=\"widget\" data-widget_type=\"text-editor.default\">\n\t\t\t\t<div class=\"elementor-widget-container\">\n\t\t\t\t\t\t\t\t\tHoba Steel d\u00e9veloppe et produit des rev\u00eatements muraux et de sol complets en acier inoxydable, acier ferrite, laiton et surfaces en acier inoxydable color\u00e9 pour des projets architecturaux internationaux.\n\nLe concept de format modulaire comprend des petites mosa\u00efques ainsi que des grands formats tels que 1.200 x 2.400 mm et plus.\n\nLes multiples technologies de fabrication de Hoba Steel permettent de r\u00e9aliser des formes g\u00e9om\u00e9triques individuelles et libres ainsi que des carreaux pour chaque situation architecturale avec diff\u00e9rents mat\u00e9riaux de support et diff\u00e9rentes \u00e9paisseurs totales &#8211; la production de marches et de corni\u00e8res d&rsquo;escalier en acier inoxydable fait \u00e9galement partie de notre portefeuille.\n\nNos syst\u00e8mes de guidage tactile pour aveugles, divis\u00e9s en indicateurs individuels et en syst\u00e8me de carreaux, comprennent des lignes directrices et des champs d&rsquo;attention en acier inoxydable, des plans d&rsquo;ensemble tactiles, des panneaux de main courante et des corni\u00e8res de marches.\n\t\t\t\t\t\t\t\t<\/div>\n\t\t\t\t<\/div>\n\t\t\t\t\t<\/div>\n\t\t<\/div>\n\t\t\t\t\t<\/div>\n\t\t<\/section>\n\t\t\t\t<section class=\"elementor-section elementor-top-section elementor-element elementor-element-156b048 elementor-section-height-min-height elementor-section-boxed elementor-section-height-default elementor-section-items-middle\" data-id=\"156b048\" data-element_type=\"section\" data-settings=\"{&quot;background_background&quot;:&quot;classic&quot;}\">\n\t\t\t\t\t\t\t<div class=\"elementor-background-overlay\"><\/div>\n\t\t\t\t\t\t\t<div class=\"elementor-container elementor-column-gap-default\">\n\t\t\t\t\t<div class=\"elementor-column elementor-col-100 elementor-top-column elementor-element elementor-element-42a1c8b\" data-id=\"42a1c8b\" data-element_type=\"column\">\n\t\t\t<div class=\"elementor-widget-wrap elementor-element-populated\">\n\t\t\t\t\t\t<div class=\"elementor-element elementor-element-5c7b204 elementor-widget elementor-widget-ucaddon_post_carousel\" data-id=\"5c7b204\" data-element_type=\"widget\" data-widget_type=\"ucaddon_post_carousel.default\">\n\t\t\t\t<div class=\"elementor-widget-container\">\n\t\t\t\t\t\n<!-- start Post Carousel -->\n\t\t<link id='font-awesome-css' href='https:\/\/hoba-steel.de\/wp-content\/plugins\/unlimited-elements-for-elementor-premium\/assets_libraries\/font-awesome6\/fontawesome-all.min.css' type='text\/css' rel='stylesheet' >\n\t\t<link id='font-awesome-4-shim-css' href='https:\/\/hoba-steel.de\/wp-content\/plugins\/unlimited-elements-for-elementor-premium\/assets_libraries\/font-awesome6\/fontawesome-v4-shims.min.css' type='text\/css' rel='stylesheet' >\n\t\t<link id='owl-carousel-css' href='https:\/\/hoba-steel.de\/wp-content\/plugins\/unlimited-elements-for-elementor-premium\/assets_libraries\/owl-carousel\/assets\/owl.carousel.css' type='text\/css' rel='stylesheet' >\n\n<style>\/* widget: Post Carousel *\/\n\n#uc_post_carousel_elementor_5c7b204 *{\n  box-sizing:border-box;\n}\n#uc_post_carousel_elementor_5c7b204{\n  position:relative;\n}\n#uc_post_carousel_elementor_5c7b204 .uc_post_title{\n  font-size:21px;\n}\n\n#uc_post_carousel_elementor_5c7b204 .uc_image_carousel_placeholder\n{\n  position:relative;\n}\n\n#uc_post_carousel_elementor_5c7b204 .ue_pos_carousel_image_overlay\n{\n  position:absolute;\n  top:0;\n  bottom:0;\n  left:0;\n  right:0;\n  transition:0.3s;\n}\n\n#uc_post_carousel_elementor_5c7b204 .uc_carousel_item\n{\n  overflow:hidden;\n}\n\n#uc_post_carousel_elementor_5c7b204 .owl-nav .owl-prev{\n    position:absolute;\n    left:-90px;\n    display:inline-block;\n    text-align:center;\n}\n#uc_post_carousel_elementor_5c7b204 .owl-nav .owl-next{\n  position:absolute;\n    right:-90px;\n  display:inline-block;\n  text-align:center;\n}\n\n\n#uc_post_carousel_elementor_5c7b204 .owl-dots {\noverflow:hidden;\ndisplay:none !important;\ntext-align:center;\n}\n\n#uc_post_carousel_elementor_5c7b204 .owl-dot {\nborder-radius:50%;\ndisplay:inline-block;\n}\n\n#uc_post_carousel_elementor_5c7b204 .uc_image_carousel_container_holder{\n  text-align:left;\n}\n\n#uc_post_carousel_elementor_5c7b204 .uc_more_btn{\n\n  display:inline-block;\n  text-align:center;\n  text-decoration:none;\n}  \n\n#uc_post_carousel_elementor_5c7b204 .uc_image_carousel_placeholder img\n{\n  display:block;\n  width:100%;\n  object-fit: cover;\n}\n \n\n\n\n\n\n\n\n\n\n\n\n<\/style>\n\n<div class=\"uc_overlay_image_carousel\" id=\"uc_post_carousel_elementor_5c7b204\" style=\"direction:ltr;\">\n   <div class=\"uc_carousel owl-carousel owl-theme\">\n   \t\t<div class=\"uc_image_carousel_container_holder uc_carousel_item\">\n  \n  <div class=\"uc_image_carousel_placeholder\">\n    <a href=\"https:\/\/hoba-steel.de\/fr\/concevoir-des-zones-de-proprete\" style=\"display:block;\">\n    \t<img decoding=\"async\" src=\"https:\/\/hoba-steel.de\/wp-content\/uploads\/2024\/06\/barrierefrei-7.jpg\">\n        <div class=\"ue_pos_carousel_image_overlay\"><\/div>\n    <\/a>\n  <\/div>\n  \n\n  <div class=\"uc_image_carousel_content\" >\n    <div>\n      <a href=\"https:\/\/hoba-steel.de\/fr\/concevoir-des-zones-de-proprete\"><div class=\"uc_post_title\">Concevoir des zones de propret\u00e9<\/div><\/a>    <div class=\"uc_paragraph\" >Concevoir des zones de propret\u00e9 emco Bau, Allemagne Pr\u00e9c\u00e9dent Suivant Concevoir des zones de propret\u00e9 L&amp;rsquo;objectif principal de la norme 18040 est que les installations...<\/div>        <a class=\"uc_more_btn\"  href=\"https:\/\/hoba-steel.de\/fr\/concevoir-des-zones-de-proprete\">lire la suite<\/a>    <\/div>\n  <\/div>\n<\/div>\n<div class=\"uc_image_carousel_container_holder uc_carousel_item\">\n  \n  <div class=\"uc_image_carousel_placeholder\">\n    <a href=\"https:\/\/hoba-steel.de\/fr\/kathrin-turks-halle-dinslaken\" style=\"display:block;\">\n    \t<img decoding=\"async\" src=\"https:\/\/hoba-steel.de\/wp-content\/uploads\/2024\/02\/barrierefreies-bauen-4.jpg\">\n        <div class=\"ue_pos_carousel_image_overlay\"><\/div>\n    <\/a>\n  <\/div>\n  \n\n  <div class=\"uc_image_carousel_content\" >\n    <div>\n      <a href=\"https:\/\/hoba-steel.de\/fr\/kathrin-turks-halle-dinslaken\"><div class=\"uc_post_title\">Kathrin-T\u00fcrks-Halle, Dinslaken<\/div><\/a>    <div class=\"uc_paragraph\" >Kathrin-T\u00fcrks-Halle, Dinslaken, Allemand Architectes: blocher partners, Stuttgart Les produits Hoba Steel : SPIN\u00ae SAFE plots simples et plots simples Plan (type SK) Voriger...<\/div>        <a class=\"uc_more_btn\"  href=\"https:\/\/hoba-steel.de\/fr\/kathrin-turks-halle-dinslaken\">lire la suite<\/a>    <\/div>\n  <\/div>\n<\/div>\n<div class=\"uc_image_carousel_container_holder uc_carousel_item\">\n  \n  <div class=\"uc_image_carousel_placeholder\">\n    <a href=\"https:\/\/hoba-steel.de\/fr\/sc8-berlin-deutschland\" style=\"display:block;\">\n    \t<img decoding=\"async\" src=\"https:\/\/hoba-steel.de\/wp-content\/uploads\/2024\/01\/edelstahlboden-berlin-12.jpg\">\n        <div class=\"ue_pos_carousel_image_overlay\"><\/div>\n    <\/a>\n  <\/div>\n  \n\n  <div class=\"uc_image_carousel_content\" >\n    <div>\n      <a href=\"https:\/\/hoba-steel.de\/fr\/sc8-berlin-deutschland\"><div class=\"uc_post_title\">SC8 Berlin, Deutschland<\/div><\/a>    <div class=\"uc_paragraph\" >SC8 Berlin, Allemagne Architecte responsable: Thomas Kr\u00f6ger Architekten GmbH, Berlin Produits HOBA STEEL: environ 200 m\u00b2 de SPIN\u00ae Plan en forme d&amp;rsquo;hexagones (1130&amp;#215;470...<\/div>        <a class=\"uc_more_btn\"  href=\"https:\/\/hoba-steel.de\/fr\/sc8-berlin-deutschland\">lire la suite<\/a>    <\/div>\n  <\/div>\n<\/div>\n<div class=\"uc_image_carousel_container_holder uc_carousel_item\">\n  \n  <div class=\"uc_image_carousel_placeholder\">\n    <a href=\"https:\/\/hoba-steel.de\/fr\/ai4a-information-ambiante-4-all\" style=\"display:block;\">\n    \t<img decoding=\"async\" src=\"https:\/\/hoba-steel.de\/wp-content\/uploads\/2021\/05\/einzelnoppen-und-einzelrippen-spin-safe.jpg\">\n        <div class=\"ue_pos_carousel_image_overlay\"><\/div>\n    <\/a>\n  <\/div>\n  \n\n  <div class=\"uc_image_carousel_content\" >\n    <div>\n      <a href=\"https:\/\/hoba-steel.de\/fr\/ai4a-information-ambiante-4-all\"><div class=\"uc_post_title\">AI4A - Information ambiante 4 All<\/div><\/a>    <div class=\"uc_paragraph\" >Des informations intelligentes: AI4A - Ambient Information 4 All <\/div>        <a class=\"uc_more_btn\"  href=\"https:\/\/hoba-steel.de\/fr\/ai4a-information-ambiante-4-all\">lire la suite<\/a>    <\/div>\n  <\/div>\n<\/div>\n<div class=\"uc_image_carousel_container_holder uc_carousel_item\">\n  \n  <div class=\"uc_image_carousel_placeholder\">\n    <a href=\"https:\/\/hoba-steel.de\/fr\/das-timmerhuis-rathaus-rotterdam\" style=\"display:block;\">\n    \t<img decoding=\"async\" src=\"https:\/\/hoba-steel.de\/wp-content\/uploads\/2021\/05\/timmerhuis-rotterdamm-lichtreflex-1-scaled.jpg\">\n        <div class=\"ue_pos_carousel_image_overlay\"><\/div>\n    <\/a>\n  <\/div>\n  \n\n  <div class=\"uc_image_carousel_content\" >\n    <div>\n      <a href=\"https:\/\/hoba-steel.de\/fr\/das-timmerhuis-rathaus-rotterdam\"><div class=\"uc_post_title\">Timmerhuis, H\u00f4tel de ville de Rotterdam<\/div><\/a>    <div class=\"uc_paragraph\" >Une architecture inond\u00e9e de lumi\u00e8re, avec flexibilit\u00e9 et diversit\u00e9.<\/div>        <a class=\"uc_more_btn\"  href=\"https:\/\/hoba-steel.de\/fr\/das-timmerhuis-rathaus-rotterdam\">lire la suite<\/a>    <\/div>\n  <\/div>\n<\/div>\n<div class=\"uc_image_carousel_container_holder uc_carousel_item\">\n  \n  <div class=\"uc_image_carousel_placeholder\">\n    <a href=\"https:\/\/hoba-steel.de\/fr\/dc-donau-city-tower-1-wien\" style=\"display:block;\">\n    \t<img decoding=\"async\" src=\"https:\/\/hoba-steel.de\/wp-content\/uploads\/2021\/05\/dc-tower-spin-plan-ganz.jpg\">\n        <div class=\"ue_pos_carousel_image_overlay\"><\/div>\n    <\/a>\n  <\/div>\n  \n\n  <div class=\"uc_image_carousel_content\" >\n    <div>\n      <a href=\"https:\/\/hoba-steel.de\/fr\/dc-donau-city-tower-1-wien\"><div class=\"uc_post_title\">DC (Donau City) Tower 1, Vienne<\/div><\/a>    <div class=\"uc_paragraph\" >Un repr\u00e9sentant de l&#039;architecture moderne mondiale.<\/div>        <a class=\"uc_more_btn\"  href=\"https:\/\/hoba-steel.de\/fr\/dc-donau-city-tower-1-wien\">lire la suite<\/a>    <\/div>\n  <\/div>\n<\/div>\n<div class=\"uc_image_carousel_container_holder uc_carousel_item\">\n  \n  <div class=\"uc_image_carousel_placeholder\">\n    <a href=\"https:\/\/hoba-steel.de\/fr\/caixaforum\" style=\"display:block;\">\n    \t<img decoding=\"async\" src=\"https:\/\/hoba-steel.de\/wp-content\/uploads\/2021\/05\/caixa-menschen-spin-plan-geo-edelstahlfliese.jpg\">\n        <div class=\"ue_pos_carousel_image_overlay\"><\/div>\n    <\/a>\n  <\/div>\n  \n\n  <div class=\"uc_image_carousel_content\" >\n    <div>\n      <a href=\"https:\/\/hoba-steel.de\/fr\/caixaforum\"><div class=\"uc_post_title\">CaixaForum<\/div><\/a>    <div class=\"uc_paragraph\" >Chaque triangle du SPIN\u00ae Plan est unique.<\/div>        <a class=\"uc_more_btn\"  href=\"https:\/\/hoba-steel.de\/fr\/caixaforum\">lire la suite<\/a>    <\/div>\n  <\/div>\n<\/div>\n<div class=\"uc_image_carousel_container_holder uc_carousel_item\">\n  \n  <div class=\"uc_image_carousel_placeholder\">\n    <a href=\"https:\/\/hoba-steel.de\/fr\/penthouse\" style=\"display:block;\">\n    \t<img decoding=\"async\" src=\"https:\/\/hoba-steel.de\/wp-content\/uploads\/2021\/04\/spin-plan-edelstahlfliese-penthouse-wien.jpg\">\n        <div class=\"ue_pos_carousel_image_overlay\"><\/div>\n    <\/a>\n  <\/div>\n  \n\n  <div class=\"uc_image_carousel_content\" >\n    <div>\n      <a href=\"https:\/\/hoba-steel.de\/fr\/penthouse\"><div class=\"uc_post_title\">Penthouse<\/div><\/a>    <div class=\"uc_paragraph\" >Une fusion entre l&#039;int\u00e9rieur et l&#039;ext\u00e9rieur: intemporel et moderne !<\/div>        <a class=\"uc_more_btn\"  href=\"https:\/\/hoba-steel.de\/fr\/penthouse\">lire la suite<\/a>    <\/div>\n  <\/div>\n<\/div>\n<div class=\"uc_image_carousel_container_holder uc_carousel_item\">\n  \n  <div class=\"uc_image_carousel_placeholder\">\n    <a href=\"https:\/\/hoba-steel.de\/fr\/new-holland-island-st-petersburg\" style=\"display:block;\">\n    \t<img decoding=\"async\" src=\"https:\/\/hoba-steel.de\/wp-content\/uploads\/2021\/05\/st-petersburg-hoba-steel-modern.jpg\">\n        <div class=\"ue_pos_carousel_image_overlay\"><\/div>\n    <\/a>\n  <\/div>\n  \n\n  <div class=\"uc_image_carousel_content\" >\n    <div>\n      <a href=\"https:\/\/hoba-steel.de\/fr\/new-holland-island-st-petersburg\"><div class=\"uc_post_title\">New Holland Island, St. Petersburg<\/div><\/a>    <div class=\"uc_paragraph\" >Un projet d&#039;un genre particulier : ambiance conviviale garantie !<\/div>        <a class=\"uc_more_btn\"  href=\"https:\/\/hoba-steel.de\/fr\/new-holland-island-st-petersburg\">lire la suite<\/a>    <\/div>\n  <\/div>\n<\/div>\n<div class=\"uc_image_carousel_container_holder uc_carousel_item\">\n  \n  <div class=\"uc_image_carousel_placeholder\">\n    <a href=\"https:\/\/hoba-steel.de\/fr\/storedesign\" style=\"display:block;\">\n    \t<img decoding=\"async\" src=\"https:\/\/hoba-steel.de\/wp-content\/uploads\/2021\/04\/spin-plan-kobaltblau-edelstahl-geschwungen.jpg\">\n        <div class=\"ue_pos_carousel_image_overlay\"><\/div>\n    <\/a>\n  <\/div>\n  \n\n  <div class=\"uc_image_carousel_content\" >\n    <div>\n      <a href=\"https:\/\/hoba-steel.de\/fr\/storedesign\"><div class=\"uc_post_title\">Storedesign<\/div><\/a>    <div class=\"uc_paragraph\" >Hoba Steel r\u00e9alise les id\u00e9es des architectes.<\/div>        <a class=\"uc_more_btn\"  href=\"https:\/\/hoba-steel.de\/fr\/storedesign\">lire la suite<\/a>    <\/div>\n  <\/div>\n<\/div>\n\n   <\/div>\t\n<\/div>\n<!-- end Post Carousel -->\t\t\t\t<\/div>\n\t\t\t\t<\/div>\n\t\t\t\t\t<\/div>\n\t\t<\/div>\n\t\t\t\t\t<\/div>\n\t\t<\/section>\n\t\t\t\t<\/div>","protected":false},"excerpt":{"rendered":"<p>DALLES EN ACIER INOXYDABLE SYST\u00c8ME DEguidage Hoba Steel d\u00e9veloppe et produit des rev\u00eatements muraux et de sol complets en acier inoxydable, acier ferrite, laiton et surfaces en acier inoxydable color\u00e9 pour des projets architecturaux internationaux. Le concept de format modulaire comprend des petites mosa\u00efques ainsi que des grands formats tels que 1.200 x 2.400 mm [&hellip;]<\/p>\n","protected":false},"author":6,"featured_media":0,"parent":0,"menu_order":0,"comment_status":"closed","ping_status":"closed","template":"","meta":{"_mo_disable_npp":"","footnotes":""},"class_list":["post-3799","page","type-page","status-publish","hentry"],"_links":{"self":[{"href":"https:\/\/hoba-steel.de\/fr\/wp-json\/wp\/v2\/pages\/3799","targetHints":{"allow":["GET"]}}],"collection":[{"href":"https:\/\/hoba-steel.de\/fr\/wp-json\/wp\/v2\/pages"}],"about":[{"href":"https:\/\/hoba-steel.de\/fr\/wp-json\/wp\/v2\/types\/page"}],"author":[{"embeddable":true,"href":"https:\/\/hoba-steel.de\/fr\/wp-json\/wp\/v2\/users\/6"}],"replies":[{"embeddable":true,"href":"https:\/\/hoba-steel.de\/fr\/wp-json\/wp\/v2\/comments?post=3799"}],"version-history":[{"count":5,"href":"https:\/\/hoba-steel.de\/fr\/wp-json\/wp\/v2\/pages\/3799\/revisions"}],"predecessor-version":[{"id":6374,"href":"https:\/\/hoba-steel.de\/fr\/wp-json\/wp\/v2\/pages\/3799\/revisions\/6374"}],"wp:attachment":[{"href":"https:\/\/hoba-steel.de\/fr\/wp-json\/wp\/v2\/media?parent=3799"}],"curies":[{"name":"wp","href":"https:\/\/api.w.org\/{rel}","templated":true}]}}